{"id":13,"date":"2017-08-16T09:57:47","date_gmt":"2017-08-16T09:57:47","guid":{"rendered":"https:\/\/demo.axlethemes.com\/best-business-pro\/?page_id=13"},"modified":"2020-07-29T16:35:23","modified_gmt":"2020-07-29T16:35:23","slug":"hakkimizda","status":"publish","type":"page","link":"https:\/\/www.pangeatourism.com\/index.php\/hakkimizda\/","title":{"rendered":"Hakk\u0131m\u0131zda"},"content":{"rendered":"\t\t<div data-elementor-type=\"wp-page\" data-elementor-id=\"13\" class=\"elementor elementor-13\" data-elementor-settings=\"[]\">\n\t\t\t\t\t\t<div class=\"elementor-inner\">\n\t\t\t\t\t\t\t<div class=\"elementor-section-wrap\">\n\t\t\t\t\t\t\t<section class=\"elementor-section elementor-top-section elementor-element elementor-element-2d8041de elementor-section-stretched elementor-section-boxed elementor-section-height-default elementor-section-height-default\" data-id=\"2d8041de\" data-element_type=\"section\" data-settings=\"{&quot;stretch_section&quot;:&quot;section-stretched&quot;}\">\n\t\t\t\t\t\t<div class=\"elementor-container elementor-column-gap-default\">\n\t\t\t\t\t\t\t<div class=\"elementor-row\">\n\t\t\t\t\t<div class=\"elementor-column elementor-col-100 elementor-top-column elementor-element elementor-element-7f94ee08\" data-id=\"7f94ee08\" data-element_type=\"column\">\n\t\t\t<div class=\"elementor-column-wrap elementor-element-populated\">\n\t\t\t\t\t\t\t<div class=\"elementor-widget-wrap\">\n\t\t\t\t\t\t<div class=\"elementor-element elementor-element-7b83eb87 elementor-widget elementor-widget-text-editor\" data-id=\"7b83eb87\" data-element_type=\"widget\" data-widget_type=\"text-editor.default\">\n\t\t\t\t<div class=\"elementor-widget-container\">\n\t\t\t\t\t\t\t\t<div class=\"elementor-text-editor elementor-clearfix\">\n\t\t\t\t<p>Turizm &amp; Etkinlik alan\u0131ndaki tecr\u00fcbemize gen\u00e7, dinamik ve yenilik\u00e7i bak\u0131\u015f a\u00e7\u0131m\u0131z\u0131 katarak Pangea Tourism &amp; Event&#8217;i kurduk.<\/p>\n<p>2017 y\u0131l\u0131nda kurulan firmam\u0131z, k\u0131sa zamanda sekt\u00f6rde kendine geni\u015f bir yer edinmi\u015f, \u00e7ok say\u0131da firma, dernek ve kurulu\u015fun seyahat ve konaklamalar\u0131nda, toplant\u0131 ve organizasyonlar\u0131nda \u00e7\u00f6z\u00fcm orta\u011f\u0131 olmu\u015ftur.<\/p>\n<p>T\u00fcm isteklerinize cevap verebilecek tecr\u00fcbe ve birikime sahip profesyonel ekibimiz, toplant\u0131, seminer, kongre gibi t\u00fcm etkinliklerinizde detayc\u0131 ve m\u00fckemmeliyet\u00e7i anlay\u0131\u015f\u0131 ile yan\u0131n\u0131zda olmay\u0131 ama\u00e7lamaktad\u0131r.<\/p>\n<p>Fark\u0131m\u0131z; t\u00fcm hizmetlerimizde kaliteyi en \u00fcst d\u00fczeye ta\u015f\u0131yarak, partner i\u015fletmelerimizin t\u00fcm organizasyonlar\u0131n\u0131 kusursuz k\u0131lma parolam\u0131zd\u0131r.<\/p>\t\t\t\t\t<\/div>\n\t\t\t\t\t\t<\/div>\n\t\t\t\t<\/div>\n\t\t\t\t\t\t<\/div>\n\t\t\t\t\t<\/div>\n\t\t<\/div>\n\t\t\t\t\t\t\t\t<\/div>\n\t\t\t\t\t<\/div>\n\t\t<\/section>\n\t\t\t\t\t\t<\/div>\n\t\t\t\t\t\t<\/div>\n\t\t\t\t\t<\/div>\n\t\t","protected":false},"excerpt":{"rendered":"<p>Turizm &amp; Etkinlik alan\u0131ndaki tecr\u00fcbemize gen\u00e7, dinamik ve yenilik\u00e7i bak\u0131\u015f a\u00e7\u0131m\u0131z\u0131 katarak Pangea Tourism &amp; Event&#8217;i kurduk. 2017 y\u0131l\u0131nda kurulan firmam\u0131z, k\u0131sa zamanda sekt\u00f6rde kendine geni\u015f bir yer edinmi\u015f, \u00e7ok say\u0131da firma, dernek ve kurulu\u015fun seyahat ve konaklamalar\u0131nda, toplant\u0131 ve&hellip;&nbsp;<a href=\"https:\/\/www.pangeatourism.com\/index.php\/hakkimizda\/\" class=\"more-link\">Devam Et<\/a><\/p>\n","protected":false},"author":1,"featured_media":625,"parent":0,"menu_order":0,"comment_status":"closed","ping_status":"closed","template":"","meta":[],"_links":{"self":[{"href":"https:\/\/www.pangeatourism.com\/index.php\/wp-json\/wp\/v2\/pages\/13"}],"collection":[{"href":"https:\/\/www.pangeatourism.com\/index.php\/wp-json\/wp\/v2\/pages"}],"about":[{"href":"https:\/\/www.pangeatourism.com\/index.php\/wp-json\/wp\/v2\/types\/page"}],"author":[{"embeddable":true,"href":"https:\/\/www.pangeatourism.com\/index.php\/wp-json\/wp\/v2\/users\/1"}],"replies":[{"embeddable":true,"href":"https:\/\/www.pangeatourism.com\/index.php\/wp-json\/wp\/v2\/comments?post=13"}],"version-history":[{"count":8,"href":"https:\/\/www.pangeatourism.com\/index.php\/wp-json\/wp\/v2\/pages\/13\/revisions"}],"predecessor-version":[{"id":610,"href":"https:\/\/www.pangeatourism.com\/index.php\/wp-json\/wp\/v2\/pages\/13\/revisions\/610"}],"wp:featuredmedia":[{"embeddable":true,"href":"https:\/\/www.pangeatourism.com\/index.php\/wp-json\/wp\/v2\/media\/625"}],"wp:attachment":[{"href":"https:\/\/www.pangeatourism.com\/index.php\/wp-json\/wp\/v2\/media?parent=13"}],"curies":[{"name":"wp","href":"https:\/\/api.w.org\/{rel}","templated":true}]}}