{"id":13,"date":"2017-08-16T09:57:47","date_gmt":"2017-08-16T09:57:47","guid":{"rendered":"https:\/\/demo.axlethemes.com\/best-business-pro\/?page_id=13"},"modified":"2020-07-29T16:35:23","modified_gmt":"2020-07-29T16:35:23","slug":"hakkimizda","status":"publish","type":"page","link":"https:\/\/www.pangeatourism.com\/en\/index.php\/hakkimizda\/","title":{"rendered":"About Us"},"content":{"rendered":"<div data-elementor-type=\"wp-page\" data-elementor-id=\"13\" class=\"elementor elementor-13\" data-elementor-settings=\"[]\">\n\t\t\t\t\t\t<div class=\"elementor-inner\">\n\t\t\t\t\t\t\t<div class=\"elementor-section-wrap\">\n\t\t\t\t\t\t\t<section class=\"elementor-section elementor-top-section elementor-element elementor-element-2d8041de elementor-section-stretched elementor-section-boxed elementor-section-height-default elementor-section-height-default\" data-id=\"2d8041de\" data-element_type=\"section\" data-settings=\"{&quot;stretch_section&quot;:&quot;section-stretched&quot;}\">\n\t\t\t\t\t\t<div class=\"elementor-container elementor-column-gap-default\">\n\t\t\t\t\t\t\t<div class=\"elementor-row\">\n\t\t\t\t\t<div class=\"elementor-column elementor-col-100 elementor-top-column elementor-element elementor-element-7f94ee08\" data-id=\"7f94ee08\" data-element_type=\"column\">\n\t\t\t<div class=\"elementor-column-wrap elementor-element-populated\">\n\t\t\t\t\t\t\t<div class=\"elementor-widget-wrap\">\n\t\t\t\t\t\t<div class=\"elementor-element elementor-element-7b83eb87 elementor-widget elementor-widget-text-editor\" data-id=\"7b83eb87\" data-element_type=\"widget\" data-widget_type=\"text-editor.default\">\n\t\t\t\t<div class=\"elementor-widget-container\">\n\t\t\t\t\t\t\t\t<div class=\"elementor-text-editor elementor-clearfix\">\n\t\t\t\t<p>We have established Pangea Tourism & Event by adding our young, dynamic and innovative perspective to our experience in Tourism & Event.<\/p>\n<p>Our company, which was established in 2017, has gained a wide place in the sector in a short time and has become a solution partner in the travel and accommodation, meetings and organizations of many companies, associations and organizations.<\/p>\n<p>Our professional team, which has the experience and knowledge to answer all your requests, aims to be with you in all your activities such as meetings, seminars, congresses with a detailed and perfectionist aspect.<\/p>\n<p>Our Differences; It is our motto to make the quality of all our organizations perfect by bringing the quality to the highest level in all our services.<\/p>\t\t\t\t\t<\/div>\n\t\t\t\t\t\t<\/div>\n\t\t\t\t<\/div>\n\t\t\t\t\t\t<\/div>\n\t\t\t\t\t<\/div>\n\t\t<\/div>\n\t\t\t\t\t\t\t\t<\/div>\n\t\t\t\t\t<\/div>\n\t\t<\/section>\n\t\t\t\t\t\t<\/div>\n\t\t\t\t\t\t<\/div>\n\t\t\t\t\t<\/div>","protected":false},"excerpt":{"rendered":"<p>Turizm &amp; Etkinlik alan\u0131ndaki tecr\u00fcbemize gen\u00e7, dinamik ve yenilik\u00e7i bak\u0131\u015f a\u00e7\u0131m\u0131z\u0131 katarak Pangea Tourism &amp; Event&#8217;i kurduk. 2017 y\u0131l\u0131nda kurulan firmam\u0131z, k\u0131sa zamanda sekt\u00f6rde kendine geni\u015f bir yer edinmi\u015f, \u00e7ok say\u0131da firma, dernek ve kurulu\u015fun seyahat ve konaklamalar\u0131nda, toplant\u0131 ve&hellip;&nbsp;<a href=\"https:\/\/www.pangeatourism.com\/en\/index.php\/hakkimizda\/\" class=\"more-link\">Read More<\/a><\/p>","protected":false},"author":1,"featured_media":625,"parent":0,"menu_order":0,"comment_status":"closed","ping_status":"closed","template":"","meta":[],"_links":{"self":[{"href":"https:\/\/www.pangeatourism.com\/en\/index.php\/wp-json\/wp\/v2\/pages\/13"}],"collection":[{"href":"https:\/\/www.pangeatourism.com\/en\/index.php\/wp-json\/wp\/v2\/pages"}],"about":[{"href":"https:\/\/www.pangeatourism.com\/en\/index.php\/wp-json\/wp\/v2\/types\/page"}],"author":[{"embeddable":true,"href":"https:\/\/www.pangeatourism.com\/en\/index.php\/wp-json\/wp\/v2\/users\/1"}],"replies":[{"embeddable":true,"href":"https:\/\/www.pangeatourism.com\/en\/index.php\/wp-json\/wp\/v2\/comments?post=13"}],"version-history":[{"count":8,"href":"https:\/\/www.pangeatourism.com\/en\/index.php\/wp-json\/wp\/v2\/pages\/13\/revisions"}],"predecessor-version":[{"id":610,"href":"https:\/\/www.pangeatourism.com\/en\/index.php\/wp-json\/wp\/v2\/pages\/13\/revisions\/610"}],"wp:featuredmedia":[{"embeddable":true,"href":"https:\/\/www.pangeatourism.com\/en\/index.php\/wp-json\/wp\/v2\/media\/625"}],"wp:attachment":[{"href":"https:\/\/www.pangeatourism.com\/en\/index.php\/wp-json\/wp\/v2\/media?parent=13"}],"curies":[{"name":"wp","href":"https:\/\/api.w.org\/{rel}","templated":true}]}}