{"id":120,"date":"2017-08-16T10:33:20","date_gmt":"2017-08-16T10:33:20","guid":{"rendered":"https:\/\/demo.axlethemes.com\/best-business-pro\/?page_id=120"},"modified":"2020-07-29T18:15:02","modified_gmt":"2020-07-29T18:15:02","slug":"misyon-vizyon","status":"publish","type":"page","link":"https:\/\/www.pangeatourism.com\/en\/index.php\/misyon-vizyon\/","title":{"rendered":"Misyonumuz &#038; Vizyonumuz"},"content":{"rendered":"<div data-elementor-type=\"wp-page\" data-elementor-id=\"120\" class=\"elementor elementor-120\" data-elementor-settings=\"[]\">\n\t\t\t\t\t\t<div class=\"elementor-inner\">\n\t\t\t\t\t\t\t<div class=\"elementor-section-wrap\">\n\t\t\t\t\t\t\t<section class=\"elementor-section elementor-top-section elementor-element elementor-element-234c450b elementor-section-boxed elementor-section-height-default elementor-section-height-default\" data-id=\"234c450b\" data-element_type=\"section\">\n\t\t\t\t\t\t<div class=\"elementor-container elementor-column-gap-default\">\n\t\t\t\t\t\t\t<div class=\"elementor-row\">\n\t\t\t\t\t<div class=\"elementor-column elementor-col-100 elementor-top-column elementor-element elementor-element-5f549b14\" data-id=\"5f549b14\" data-element_type=\"column\">\n\t\t\t<div class=\"elementor-column-wrap elementor-element-populated\">\n\t\t\t\t\t\t\t<div class=\"elementor-widget-wrap\">\n\t\t\t\t\t\t<div class=\"elementor-element elementor-element-3bbfefab elementor-widget elementor-widget-text-editor\" data-id=\"3bbfefab\" data-element_type=\"widget\" data-widget_type=\"text-editor.default\">\n\t\t\t\t<div class=\"elementor-widget-container\">\n\t\t\t\t\t\t\t\t<div class=\"elementor-text-editor elementor-clearfix\">\n\t\t\t\t\t\t\t\t\t<\/div>\n\t\t\t\t\t\t<\/div>\n\t\t\t\t<\/div>\n\t\t\t\t\t\t<\/div>\n\t\t\t\t\t<\/div>\n\t\t<\/div>\n\t\t\t\t\t\t\t\t<\/div>\n\t\t\t\t\t<\/div>\n\t\t<\/section>\n\t\t\t\t<section class=\"elementor-section elementor-top-section elementor-element elementor-element-790371a elementor-section-stretched elementor-section-boxed elementor-section-height-default elementor-section-height-default\" data-id=\"790371a\" data-element_type=\"section\" data-settings=\"{&quot;stretch_section&quot;:&quot;section-stretched&quot;}\">\n\t\t\t\t\t\t<div class=\"elementor-container elementor-column-gap-default\">\n\t\t\t\t\t\t\t<div class=\"elementor-row\">\n\t\t\t\t\t<div class=\"elementor-column elementor-col-100 elementor-top-column elementor-element elementor-element-89c99f0\" data-id=\"89c99f0\" data-element_type=\"column\">\n\t\t\t<div class=\"elementor-column-wrap elementor-element-populated\">\n\t\t\t\t\t\t\t<div class=\"elementor-widget-wrap\">\n\t\t\t\t\t\t<div class=\"elementor-element elementor-element-4f09cb7 elementor-widget elementor-widget-text-editor\" data-id=\"4f09cb7\" data-element_type=\"widget\" data-widget_type=\"text-editor.default\">\n\t\t\t\t<div class=\"elementor-widget-container\">\n\t\t\t\t\t\t\t\t<div class=\"elementor-text-editor elementor-clearfix\">\n\t\t\t\t<p>Misyonumuz;<br>Konaklama, toplant\u0131 ve organizasyonlar\u0131n\u0131zda, g\u00fcvenilir, uygun fiyatl\u0131, y\u00fcksek standartlardaki hizmetlerimizle yan\u0131n\u0131zda olmak,<\/p>\n<p>Bireysel seyahatlerinizde ki\u015fisel beklentilerinize en uygun rehberli\u011fimizle hayallerinize ula\u015fman\u0131za yard\u0131mc\u0131 olmak.<\/p>\t\t\t\t\t<\/div>\n\t\t\t\t\t\t<\/div>\n\t\t\t\t<\/div>\n\t\t\t\t\t\t<\/div>\n\t\t\t\t\t<\/div>\n\t\t<\/div>\n\t\t\t\t\t\t\t\t<\/div>\n\t\t\t\t\t<\/div>\n\t\t<\/section>\n\t\t\t\t<section class=\"elementor-section elementor-top-section elementor-element elementor-element-9fa51e0 elementor-section-stretched elementor-section-boxed elementor-section-height-default elementor-section-height-default\" data-id=\"9fa51e0\" data-element_type=\"section\" data-settings=\"{&quot;stretch_section&quot;:&quot;section-stretched&quot;}\">\n\t\t\t\t\t\t<div class=\"elementor-container elementor-column-gap-default\">\n\t\t\t\t\t\t\t<div class=\"elementor-row\">\n\t\t\t\t\t<div class=\"elementor-column elementor-col-100 elementor-top-column elementor-element elementor-element-3cb1ecf\" data-id=\"3cb1ecf\" data-element_type=\"column\">\n\t\t\t<div class=\"elementor-column-wrap elementor-element-populated\">\n\t\t\t\t\t\t\t<div class=\"elementor-widget-wrap\">\n\t\t\t\t\t\t<div class=\"elementor-element elementor-element-9b207a8 elementor-widget-divider--view-line elementor-widget elementor-widget-divider\" data-id=\"9b207a8\" data-element_type=\"widget\" data-widget_type=\"divider.default\">\n\t\t\t\t<div class=\"elementor-widget-container\">\n\t\t\t\t\t<div class=\"elementor-divider\">\n\t\t\t<span class=\"elementor-divider-separator\">\n\t\t\t\t\t\t<\/span>\n\t\t<\/div>\n\t\t\t\t<\/div>\n\t\t\t\t<\/div>\n\t\t\t\t<div class=\"elementor-element elementor-element-0313714 elementor-widget elementor-widget-text-editor\" data-id=\"0313714\" data-element_type=\"widget\" data-widget_type=\"text-editor.default\">\n\t\t\t\t<div class=\"elementor-widget-container\">\n\t\t\t\t\t\t\t\t<div class=\"elementor-text-editor elementor-clearfix\">\n\t\t\t\t<p>Vizyonumuz;<\/p><p>Uluslararas\u0131 standartlardaki hizmetlerimizle, sadece \u00fclke s\u0131n\u0131rlar\u0131 i\u00e7erisinde de\u011fil, global rekabet ortam\u0131n\u0131n \u00f6nde gelen turizm, seyahat ve organizasyon kurulu\u015flar\u0131ndan biri olmakt\u0131r.<\/p>\t\t\t\t\t<\/div>\n\t\t\t\t\t\t<\/div>\n\t\t\t\t<\/div>\n\t\t\t\t\t\t<\/div>\n\t\t\t\t\t<\/div>\n\t\t<\/div>\n\t\t\t\t\t\t\t\t<\/div>\n\t\t\t\t\t<\/div>\n\t\t<\/section>\n\t\t\t\t<section class=\"elementor-section elementor-top-section elementor-element elementor-element-6969426 elementor-section-boxed elementor-section-height-default elementor-section-height-default\" data-id=\"6969426\" data-element_type=\"section\">\n\t\t\t\t\t\t<div class=\"elementor-container elementor-column-gap-default\">\n\t\t\t\t\t\t\t<div class=\"elementor-row\">\n\t\t\t\t\t<div class=\"elementor-column elementor-col-100 elementor-top-column elementor-element elementor-element-b2210e5\" data-id=\"b2210e5\" data-element_type=\"column\">\n\t\t\t<div class=\"elementor-column-wrap\">\n\t\t\t\t\t\t\t<div class=\"elementor-widget-wrap\">\n\t\t\t\t\t\t\t\t<\/div>\n\t\t\t\t\t<\/div>\n\t\t<\/div>\n\t\t\t\t\t\t\t\t<\/div>\n\t\t\t\t\t<\/div>\n\t\t<\/section>\n\t\t\t\t\t\t<\/div>\n\t\t\t\t\t\t<\/div>\n\t\t\t\t\t<\/div>","protected":false},"excerpt":{"rendered":"<p>Misyonumuz;Konaklama, toplant\u0131 ve organizasyonlar\u0131n\u0131zda, g\u00fcvenilir, uygun fiyatl\u0131, y\u00fcksek standartlardaki hizmetlerimizle yan\u0131n\u0131zda olmak, Bireysel seyahatlerinizde ki\u015fisel beklentilerinize en uygun rehberli\u011fimizle hayallerinize ula\u015fman\u0131za yard\u0131mc\u0131 olmak. Vizyonumuz; Uluslararas\u0131 standartlardaki hizmetlerimizle, sadece \u00fclke s\u0131n\u0131rlar\u0131 i\u00e7erisinde de\u011fil, global rekabet ortam\u0131n\u0131n \u00f6nde gelen turizm, seyahat ve&hellip;&nbsp;<a href=\"https:\/\/www.pangeatourism.com\/en\/index.php\/misyon-vizyon\/\" class=\"more-link\">Read More<\/a><\/p>","protected":false},"author":1,"featured_media":611,"parent":0,"menu_order":0,"comment_status":"closed","ping_status":"closed","template":"","meta":[],"_links":{"self":[{"href":"https:\/\/www.pangeatourism.com\/en\/index.php\/wp-json\/wp\/v2\/pages\/120"}],"collection":[{"href":"https:\/\/www.pangeatourism.com\/en\/index.php\/wp-json\/wp\/v2\/pages"}],"about":[{"href":"https:\/\/www.pangeatourism.com\/en\/index.php\/wp-json\/wp\/v2\/types\/page"}],"author":[{"embeddable":true,"href":"https:\/\/www.pangeatourism.com\/en\/index.php\/wp-json\/wp\/v2\/users\/1"}],"replies":[{"embeddable":true,"href":"https:\/\/www.pangeatourism.com\/en\/index.php\/wp-json\/wp\/v2\/comments?post=120"}],"version-history":[{"count":7,"href":"https:\/\/www.pangeatourism.com\/en\/index.php\/wp-json\/wp\/v2\/pages\/120\/revisions"}],"predecessor-version":[{"id":648,"href":"https:\/\/www.pangeatourism.com\/en\/index.php\/wp-json\/wp\/v2\/pages\/120\/revisions\/648"}],"wp:featuredmedia":[{"embeddable":true,"href":"https:\/\/www.pangeatourism.com\/en\/index.php\/wp-json\/wp\/v2\/media\/611"}],"wp:attachment":[{"href":"https:\/\/www.pangeatourism.com\/en\/index.php\/wp-json\/wp\/v2\/media?parent=120"}],"curies":[{"name":"wp","href":"https:\/\/api.w.org\/{rel}","templated":true}]}}